{"id":71,"date":"2024-11-21T13:43:02","date_gmt":"2024-11-21T12:43:02","guid":{"rendered":"https:\/\/falsetaxtracker.7szkola.pl\/?page_id=71"},"modified":"2024-12-10T12:53:41","modified_gmt":"2024-12-10T11:53:41","slug":"oferta-masazy","status":"publish","type":"page","link":"https:\/\/falsetaxtracker.7szkola.pl\/?page_id=71","title":{"rendered":"Oferta masa\u017cy"},"content":{"rendered":"\n<p>Zapraszamy do skorzystania z naszej oferty masa\u017cy. Masa\u017c mo\u017cna zarezerwowa\u0107 dzwoni\u0105c pod numer podamy na stronie g\u0142\u00f3wnej lub na miejscu w recepcji.<\/p>\n\n\n\n<figure class=\"wp-block-image size-large\"><img loading=\"lazy\" decoding=\"async\" width=\"1024\" height=\"682\" src=\"http:\/\/falsetaxtracker.7szkola.pl\/wp-content\/uploads\/2024\/11\/masaz-1024x682.jpeg\" alt=\"\" class=\"wp-image-72\" srcset=\"https:\/\/falsetaxtracker.7szkola.pl\/wp-content\/uploads\/2024\/11\/masaz-1024x682.jpeg 1024w, https:\/\/falsetaxtracker.7szkola.pl\/wp-content\/uploads\/2024\/11\/masaz-300x200.jpeg 300w, https:\/\/falsetaxtracker.7szkola.pl\/wp-content\/uploads\/2024\/11\/masaz-768x512.jpeg 768w, https:\/\/falsetaxtracker.7szkola.pl\/wp-content\/uploads\/2024\/11\/masaz-1536x1023.jpeg 1536w, https:\/\/falsetaxtracker.7szkola.pl\/wp-content\/uploads\/2024\/11\/masaz-2048x1364.jpeg 2048w, https:\/\/falsetaxtracker.7szkola.pl\/wp-content\/uploads\/2024\/11\/masaz-370x247.jpeg 370w, https:\/\/falsetaxtracker.7szkola.pl\/wp-content\/uploads\/2024\/11\/masaz-776x517.jpeg 776w\" sizes=\"auto, (max-width: 1024px) 100vw, 1024px\" \/><\/figure>\n\n\n\n<p class=\"has-text-align-center\"><strong>1 : Masa\u017c klasyczny<\/strong><\/p>\n\n\n\n<ol class=\"wp-block-list\">\n<li><\/li>\n<\/ol>\n\n\n\n<p>To najbardziej rozpowszechniony i znany rodzaj masa\u017cu w Europie. \u0141\u0105czy on w sobie tradycyjne techniki masa\u017cu (g\u0142askanie, rozcieranie, ugniatanie, wyciskanie, wibracja). Wykonuje si\u0119 go w celu rozlu\u017anienia mi\u0119\u015bni, poprawy ukrwienia czy te\u017c przy\u015bpieszenia usuni\u0119cia zb\u0119dnych produkt\u00f3w przemiany materii. Masa\u017cy\u015bci wykonuj\u0105 odpowiednie ruchy na powierzchni mi\u0119\u015bni u\u017cywaj\u0105c do tego specjalnych balsam\u00f3w, krem\u00f3w czy olejk\u00f3w.<\/p>\n\n\n\n<p class=\"has-text-align-center\"><strong>2 : Masa\u017c gor\u0105cymi kamieniami<\/strong><\/p>\n\n\n\n<p>Podgrzewane, g\u0142adkie kamienie umieszczane na odpowiednich punktach cia\u0142a idealnie ogrzewaj\u0105 i rozlu\u017aniaj\u0105 napi\u0119te mi\u0119\u015bnie, a tak\u017ce wp\u0142ywaj\u0105 na prawid\u0142ow\u0105 funkcj\u0119 o\u015brodk\u00f3w energetycznych organizmu. Terapeuta mo\u017ce r\u00f3wnie\u017c trzyma\u0107 gor\u0105ce kamienie w d\u0142oni oraz zastosowa\u0107 nimi delikatne uciski. Przenikaj\u0105ce ciep\u0142o wp\u0142ywa bardzo koj\u0105co na tkanki naszego cia\u0142a.<\/p>\n\n\n\n<p class=\"has-text-align-center\"><strong>3 : Masa\u017c Shiatsu<\/strong><\/p>\n\n\n\n<p>W dos\u0142ownym t\u0142umaczeniu oznacza \u201eucisk palcem\u201d. Jest to japo\u0144ski masa\u017c skupiaj\u0105cy si\u0119 na pracy nad cia\u0142em. Wykorzystywane s\u0105 tutaj uciski palcami na odpowiednie miejsca (szlaki energetyczne), nazywane meridianami, kt\u00f3re \u0142\u0105cz\u0105 poszczeg\u00f3lne punkty&nbsp;akupunktowe.<\/p>\n\n\n\n<p class=\"has-text-align-center\"><strong>4 : Masa\u017c tajski<\/strong><\/p>\n\n\n\n<p>Podobnie jak masa\u017c Shiatsu wyr\u00f3wnuje wewn\u0119trzn\u0105 energi\u0119 organizmu za pomoc\u0105 nacisku na okre\u015blone punkty. Zawiera on tak\u017ce elementy rozci\u0105gania oraz&nbsp;refleksologii. Podczas tego rodzaju masa\u017cu nie b\u0119dziesz po prostu le\u017ce\u0107. Ruchy terapeuty, przy kt\u00f3rych dodatkowo b\u0119dzie rozci\u0105ga\u0142 Twoje cia\u0142o spowoduj\u0105 wprowadzenie pasywnej&nbsp;jogi.<\/p>\n\n\n\n<p class=\"has-text-align-center\"><strong>5 : Masa\u017c sportowy<\/strong><\/p>\n\n\n\n<p>Ten rodzaj masa\u017cu przeznaczony jest dla os\u00f3b, kt\u00f3re uprawiaj\u0105&nbsp;aktywno\u015b\u0107 fizyczn\u0105. Jednak nie trzeba by\u0107 zawodowym sportowcem by korzysta\u0107 z jego zalet. Si\u0119gaj\u0105 po niego r\u00f3wnie\u017c ludzie aktywni i pracuj\u0105cy fizycznie.<\/p>\n\n\n\n<p class=\"has-text-align-center\"><strong>6 : Masa\u017c czekolad\u0105<\/strong><\/p>\n\n\n\n<p>Bardzo popularny w SPA na ca\u0142ym \u015bwiecie. Nie bez powodu. Korzy\u015bci z tego rodzaju masa\u017cu jest bardzo du\u017co m.in. uj\u0119drnia i rewitalizuje&nbsp;sk\u00f3r\u0119, dzia\u0142a jak doskona\u0142y \u015brodek nawil\u017caj\u0105cy, uspokaja i poprawia nastr\u00f3j, pomaga spali\u0107 tkank\u0119 t\u0142uszczow\u0105 oraz pozby\u0107 si\u0119&nbsp;cellulitu. Zmniejsza stres, a tak\u017ce \u0142agodzi dolegliwo\u015bci zwi\u0105zane z uk\u0142adem kr\u0105\u017ceniowym, mi\u0119\u015bniowym, nerwowym i&nbsp;oddechowym.<\/p>\n\n\n\n<div class=\"wp-block-columns alignwide is-layout-flex wp-container-core-columns-is-layout-829b1d53 wp-block-columns-is-layout-flex\" style=\"margin-bottom:0\">\n<div class=\"wp-block-column has-text-color has-background has-link-color wp-elements-746702756b1e3692d1b61fdc0af243fb is-layout-flow wp-block-column-is-layout-flow\" style=\"color:#000000;background-color:#ffe97d;padding-top:2em;padding-right:2em;padding-bottom:2em;padding-left:2em\">\n<h2 class=\"wp-block-heading\" id=\"single\" style=\"font-size:40px\">    OG\u00d3LNY<\/h2>\n\n\n\n<p class=\"has-normal-font-size\" style=\"line-height:1.5\"><strong>Masa\u017c dla jednej osoby, czas trwania &#8211; 1 godzina, w cen\u0119 wliczony jeden nap\u00f3j z oferty.<\/strong><\/p>\n\n\n\n<hr class=\"wp-block-separator has-text-color has-css-opacity has-background is-style-wide\" style=\"background-color:#000000;color:#000000\"\/>\n\n\n\n<ul class=\"wp-block-list has-normal-font-size\">\n<li>masa\u017c 1 &#8211; 100z\u0142<\/li>\n\n\n\n<li>masa\u017c 2 &#8211; 105 z\u0142<\/li>\n\n\n\n<li>masa\u017c 3 &#8211; 105 z\u0142<\/li>\n\n\n\n<li>masa\u017c 4 &#8211; 110 z\u0142<\/li>\n\n\n\n<li>masa\u017c 5 &#8211; 110 z\u0142<\/li>\n\n\n\n<li>masa\u017c 6 &#8211; 140 z\u0142<\/li>\n<\/ul>\n\n\n\n<div class=\"wp-block-buttons alignfull is-horizontal is-content-justification-center is-layout-flex wp-container-core-buttons-is-layout-499968f5 wp-block-buttons-is-layout-flex\"><\/div>\n<\/div>\n\n\n\n<div class=\"wp-block-column has-text-color has-background has-link-color wp-elements-969136a858d23846eb7c9cacba5687ae is-layout-flow wp-block-column-is-layout-flow\" style=\"color:#000000;background-color:#d1d1e1;padding-top:2em;padding-right:2em;padding-bottom:2em;padding-left:2em\">\n<h2 class=\"wp-block-heading\" id=\"family\" style=\"font-size:40px\">   PREMIUM<\/h2>\n\n\n\n<p class=\"has-normal-font-size\" style=\"line-height:1.5\"><strong>Masa\u017c dla jednej osoby, czas trwania<\/strong> <strong>&#8211; 2 godziny, w cen\u0119 wliczony nielimitowany pocz\u0119stunek.<\/strong><\/p>\n\n\n\n<hr class=\"wp-block-separator has-css-opacity is-style-wide\"\/>\n\n\n\n<ul class=\"wp-block-list has-normal-font-size\">\n<li>masa\u017c 1 &#8211; 140 z\u0142<\/li>\n\n\n\n<li>masa\u017c 2 &#8211; 145 z\u0142<\/li>\n\n\n\n<li>masa\u017c 3 &#8211; 145 z\u0142<\/li>\n\n\n\n<li>masa\u017c 4 &#8211; 150 z\u0142<\/li>\n\n\n\n<li>masa\u017c 5 &#8211; 150 z\u0142<\/li>\n\n\n\n<li>masa\u017c 6 &#8211; 190 z\u0142<\/li>\n<\/ul>\n\n\n\n<div class=\"wp-block-buttons alignfull is-horizontal is-content-justification-center is-layout-flex wp-container-core-buttons-is-layout-499968f5 wp-block-buttons-is-layout-flex\"><\/div>\n<\/div>\n\n\n\n<div class=\"wp-block-column has-text-color has-background has-link-color wp-elements-8342646b72f1ed94558dc49fd7c4993a is-layout-flow wp-block-column-is-layout-flow\" style=\"color:#000000;background-color:#c0ebf1;padding-top:2em;padding-right:2em;padding-bottom:2em;padding-left:2em\">\n<h2 class=\"wp-block-heading\" id=\"patron\" style=\"font-size:40px\">DLA DWOJGA<\/h2>\n\n\n\n<p class=\"has-normal-font-size\"><strong>Masa\u017c dla dw\u00f3ch os\u00f3b, czas trwania<\/strong> <strong>&#8211; 2 godziny, w cen\u0119 wliczony nielimitowany pocz\u0119stunek.<\/strong><\/p>\n\n\n\n<hr class=\"wp-block-separator has-css-opacity is-style-wide\"\/>\n\n\n\n<ul class=\"wp-block-list has-normal-font-size\">\n<li>masa\u017c 1 &#8211; 250 z\u0142<\/li>\n\n\n\n<li>masa\u017c 2 &#8211; 255 z\u0142<\/li>\n\n\n\n<li>masa\u017c 3 &#8211; 255 z\u0142<\/li>\n\n\n\n<li>masa\u017c 4 &#8211; 260 z\u0142<\/li>\n\n\n\n<li>masa\u017c 5 &#8211; 260 z\u0142<\/li>\n\n\n\n<li>masa\u017c 6 &#8211; 290 z\u0142<\/li>\n<\/ul>\n\n\n\n<div class=\"wp-block-buttons alignfull is-horizontal is-content-justification-center is-layout-flex wp-container-core-buttons-is-layout-499968f5 wp-block-buttons-is-layout-flex\"><\/div>\n<\/div>\n<\/div>\n","protected":false},"excerpt":{"rendered":"<p>Zapraszamy do skorzystania z naszej oferty masa\u017cy. Masa\u017c mo\u017cna zarezerwowa\u0107 dzwoni\u0105c pod numer podamy na stronie g\u0142\u00f3wnej lub na miejscu w recepcji. 1 : Masa\u017c klasyczny To najbardziej rozpowszechniony i &hellip; <\/p>\n","protected":false},"author":1,"featured_media":124,"parent":0,"menu_order":0,"comment_status":"closed","ping_status":"closed","template":"","meta":{"footnotes":""},"class_list":["post-71","page","type-page","status-publish","has-post-thumbnail","hentry"],"_links":{"self":[{"href":"https:\/\/falsetaxtracker.7szkola.pl\/index.php?rest_route=\/wp\/v2\/pages\/71","targetHints":{"allow":["GET"]}}],"collection":[{"href":"https:\/\/falsetaxtracker.7szkola.pl\/index.php?rest_route=\/wp\/v2\/pages"}],"about":[{"href":"https:\/\/falsetaxtracker.7szkola.pl\/index.php?rest_route=\/wp\/v2\/types\/page"}],"author":[{"embeddable":true,"href":"https:\/\/falsetaxtracker.7szkola.pl\/index.php?rest_route=\/wp\/v2\/users\/1"}],"replies":[{"embeddable":true,"href":"https:\/\/falsetaxtracker.7szkola.pl\/index.php?rest_route=%2Fwp%2Fv2%2Fcomments&post=71"}],"version-history":[{"count":2,"href":"https:\/\/falsetaxtracker.7szkola.pl\/index.php?rest_route=\/wp\/v2\/pages\/71\/revisions"}],"predecessor-version":[{"id":125,"href":"https:\/\/falsetaxtracker.7szkola.pl\/index.php?rest_route=\/wp\/v2\/pages\/71\/revisions\/125"}],"wp:featuredmedia":[{"embeddable":true,"href":"https:\/\/falsetaxtracker.7szkola.pl\/index.php?rest_route=\/wp\/v2\/media\/124"}],"wp:attachment":[{"href":"https:\/\/falsetaxtracker.7szkola.pl\/index.php?rest_route=%2Fwp%2Fv2%2Fmedia&parent=71"}],"curies":[{"name":"wp","href":"https:\/\/api.w.org\/{rel}","templated":true}]}}