{"id":35,"date":"2024-11-19T12:37:52","date_gmt":"2024-11-19T11:37:52","guid":{"rendered":"https:\/\/falsetaxtracker.7szkola.pl\/?page_id=35"},"modified":"2024-12-10T12:58:27","modified_gmt":"2024-12-10T11:58:27","slug":"cennik","status":"publish","type":"page","link":"https:\/\/falsetaxtracker.7szkola.pl\/?page_id=35","title":{"rendered":"Cennik"},"content":{"rendered":"\n<p><\/p>\n\n\n\n<p>Zapraszamy do zapoznania si\u0119 z naszym cennikiem. <\/p>\n\n\n\n<p>W cenie biletu wliczone s\u0105 3 baseny(basen sportowy, brodzik dla dzieci, basen o \u015bredniej g\u0142\u0119boko\u015bci 1,4 m), zje\u017cd\u017calnia, saunarium (sauna sucha, sauna parowa, sauna fi\u0144ska), grota solna, jacuzzi, strefa ciszy.<\/p>\n\n\n\n<p>Na terenie spa znajduj\u0119 si\u0119 r\u00f3wnie\u017c bar z napojami i przek\u0105skami, mo\u017cna z niego skorzysta\u0107 u\u017cywaj\u0105c zegarka otrzymanego w recepcji i nast\u0119pnie przy wyj\u015bciu uregulowa\u0107 rachunek.<\/p>\n\n\n\n<figure class=\"wp-block-image size-full\"><img loading=\"lazy\" decoding=\"async\" width=\"941\" height=\"627\" src=\"http:\/\/falsetaxtracker.7szkola.pl\/wp-content\/uploads\/2024\/11\/goralska-1.jpg\" alt=\"\" class=\"wp-image-67\" srcset=\"https:\/\/falsetaxtracker.7szkola.pl\/wp-content\/uploads\/2024\/11\/goralska-1.jpg 941w, https:\/\/falsetaxtracker.7szkola.pl\/wp-content\/uploads\/2024\/11\/goralska-1-300x200.jpg 300w, https:\/\/falsetaxtracker.7szkola.pl\/wp-content\/uploads\/2024\/11\/goralska-1-768x512.jpg 768w, https:\/\/falsetaxtracker.7szkola.pl\/wp-content\/uploads\/2024\/11\/goralska-1-370x247.jpg 370w, https:\/\/falsetaxtracker.7szkola.pl\/wp-content\/uploads\/2024\/11\/goralska-1-776x517.jpg 776w\" sizes=\"auto, (max-width: 941px) 100vw, 941px\" \/><\/figure>\n\n\n\n<h2 class=\"wp-block-heading has-text-align-center\">Wej\u015bcie jednorazowe<\/h2>\n\n\n\n<h3 class=\"wp-block-heading has-text-align-center\">Strefa relaksu<\/h3>\n\n\n\n<p>Za ka\u017cd\u0105 rozpocz\u0119t\u0105 przekroczon\u0105 minut\u0119 nale\u017cy zap\u0142aci\u0107 3 z\u0142 przy wyj\u015bciu.<\/p>\n\n\n\n<figure class=\"wp-block-table\"><table class=\"has-fixed-layout\"><thead><tr><th class=\"has-text-align-center\" data-align=\"center\"><\/th><th>1h<\/th><th>2h<\/th><th>ca\u0142odniowy<\/th><\/tr><\/thead><tbody><tr><td class=\"has-text-align-center\" data-align=\"center\">normalny (pon-pt)<\/td><td>60 z\u0142<\/td><td>100 z\u0142<\/td><td>150 z\u0142<\/td><\/tr><tr><td class=\"has-text-align-center\" data-align=\"center\">normalny (sb)<\/td><td>70 z\u0142<\/td><td>110 z\u0142<\/td><td>160 z\u0142<\/td><\/tr><tr><td class=\"has-text-align-center\" data-align=\"center\">ulgowy (pon-pt)<\/td><td>35 z\u0142<\/td><td>60 z\u0142<\/td><td>100 z\u0142<\/td><\/tr><tr><td class=\"has-text-align-center\" data-align=\"center\">ulgowy (sb)<\/td><td>40 z\u0142<\/td><td>65 z\u0142<\/td><td>110 z\u0142<\/td><\/tr><tr><td class=\"has-text-align-center\" data-align=\"center\">grupowy <\/td><td>30 z\u0142<\/td><td>50 z\u0142<\/td><td>90 z\u0142<\/td><\/tr><tr><td class=\"has-text-align-center\" data-align=\"center\">rodzinny<\/td><td>30 z\u0142<\/td><td>50 z\u0142<\/td><td>90 z\u0142<\/td><\/tr><\/tbody><\/table><\/figure>\n\n\n\n<ul class=\"wp-block-list\">\n<li>Bilet ulgowy przys\u0142uguj\u0119 uczniom i studentom w okresie nauki do uko\u0144czenia 26 roku \u017cycia za okazaniem legitymacji studenckiej\/szkolnej oraz seniorom po uko\u0144czeniu 65 roku \u017cycia za okazaniem dokumentu potwierdzaj\u0105cego to\u017csamo\u015b\u0107.<\/li>\n\n\n\n<li>Bilet grupowy przys\u0142uguj\u0119 grup\u0105 powy\u017cej 10 os\u00f3b z przynajmniej jedn\u0105 osob\u0105 doros\u0142\u0105. Cena podana w cenniku przypada na jedn\u0105 osob\u0119 w grupie. W przypadku grup zorganizowanych wycieczki szkolne itd. na ka\u017cde 10 os\u00f3b przypada jedno darmowe wej\u015bcie dla opiekuna (wi\u0119ksz\u0105 ilo\u015b\u0107 opiekun\u00f3w nale\u017cy zg\u0142osi\u0107 w recepcji (obowi\u0105zuje ich op\u0142ata taka sama jak inne osoby w grupie)).<\/li>\n\n\n\n<li>Bilet rodzinny przys\u0142uguj\u0119 rodzicom z dzie\u0107mi (przynajmniej jeden rodzic i przynajmniej tr\u00f3jk\u0105 dzieci). Za ka\u017cd\u0105 kolejn\u0105 osob\u0119 doros\u0142\u0105 lub dziecko nale\u017cy uregulowa\u0107 op\u0142at\u0119 podan\u0105 powy\u017cej.<\/li>\n<\/ul>\n\n\n\n<h2 class=\"wp-block-heading has-text-align-center\">Oferta hotelowa<\/h2>\n\n\n\n<p>Oferta hotelowa zawiera nielimitowane wej\u015bcie do ca\u0142ej strefy relaksu w godzinach otwarcia. Doba hotelowa trwa od 14:00 do 11:00 i w cen\u0119 wliczone jest \u015bniadanie, obiad oraz kolacja. Cena podana na dole to cena za dob\u0119.<\/p>\n\n\n\n<figure class=\"wp-block-table\"><table class=\"has-fixed-layout\"><thead><tr><th class=\"has-text-align-center\" data-align=\"center\"><\/th><th class=\"has-text-align-center\" data-align=\"center\">Pok\u00f3j 2 osobowy<br>(\u0142\u00f3\u017cko ma\u0142\u017ce\u0144skie)<\/th><th class=\"has-text-align-center\" data-align=\"center\">Pok\u00f3j 3 osobowy (\u0142\u00f3\u017cko ma\u0142\u017ce\u0144skie + pojedyncze)<\/th><th class=\"has-text-align-center\" data-align=\"center\">Pok\u00f3j 4 osobowy (dwie sypialnie z \u0142\u00f3\u017ckami ma\u0142\u017ce\u0144skimi)<\/th><th class=\"has-text-align-center\" data-align=\"center\">Apartament premium (prywatna \u0142azienka z jacuzzi i saun\u0105, taras na dachu)<\/th><\/tr><\/thead><tbody><tr><td class=\"has-text-align-center\" data-align=\"center\">cena<\/td><td class=\"has-text-align-center\" data-align=\"center\">350 z\u0142<\/td><td class=\"has-text-align-center\" data-align=\"center\">520 z\u0142<\/td><td class=\"has-text-align-center\" data-align=\"center\">675 z\u0142<\/td><td class=\"has-text-align-center\" data-align=\"center\">600 z\u0142<\/td><\/tr><\/tbody><\/table><\/figure>\n\n\n\n<p><\/p>\n","protected":false},"excerpt":{"rendered":"<p>Zapraszamy do zapoznania si\u0119 z naszym cennikiem. W cenie biletu wliczone s\u0105 3 baseny(basen sportowy, brodzik dla dzieci, basen o \u015bredniej g\u0142\u0119boko\u015bci 1,4 m), zje\u017cd\u017calnia, saunarium (sauna sucha, sauna parowa, &hellip; <\/p>\n","protected":false},"author":1,"featured_media":38,"parent":0,"menu_order":0,"comment_status":"closed","ping_status":"closed","template":"","meta":{"footnotes":""},"class_list":["post-35","page","type-page","status-publish","has-post-thumbnail","hentry"],"_links":{"self":[{"href":"https:\/\/falsetaxtracker.7szkola.pl\/index.php?rest_route=\/wp\/v2\/pages\/35","targetHints":{"allow":["GET"]}}],"collection":[{"href":"https:\/\/falsetaxtracker.7szkola.pl\/index.php?rest_route=\/wp\/v2\/pages"}],"about":[{"href":"https:\/\/falsetaxtracker.7szkola.pl\/index.php?rest_route=\/wp\/v2\/types\/page"}],"author":[{"embeddable":true,"href":"https:\/\/falsetaxtracker.7szkola.pl\/index.php?rest_route=\/wp\/v2\/users\/1"}],"replies":[{"embeddable":true,"href":"https:\/\/falsetaxtracker.7szkola.pl\/index.php?rest_route=%2Fwp%2Fv2%2Fcomments&post=35"}],"version-history":[{"count":8,"href":"https:\/\/falsetaxtracker.7szkola.pl\/index.php?rest_route=\/wp\/v2\/pages\/35\/revisions"}],"predecessor-version":[{"id":131,"href":"https:\/\/falsetaxtracker.7szkola.pl\/index.php?rest_route=\/wp\/v2\/pages\/35\/revisions\/131"}],"wp:featuredmedia":[{"embeddable":true,"href":"https:\/\/falsetaxtracker.7szkola.pl\/index.php?rest_route=\/wp\/v2\/media\/38"}],"wp:attachment":[{"href":"https:\/\/falsetaxtracker.7szkola.pl\/index.php?rest_route=%2Fwp%2Fv2%2Fmedia&parent=35"}],"curies":[{"name":"wp","href":"https:\/\/api.w.org\/{rel}","templated":true}]}}