{"id":136,"date":"2024-12-10T13:06:26","date_gmt":"2024-12-10T12:06:26","guid":{"rendered":"https:\/\/falsetaxtracker.7szkola.pl\/?page_id=136"},"modified":"2024-12-10T13:17:16","modified_gmt":"2024-12-10T12:17:16","slug":"prezenty","status":"publish","type":"page","link":"https:\/\/falsetaxtracker.7szkola.pl\/?page_id=136","title":{"rendered":"Prezenty"},"content":{"rendered":"\n<p>Nasze spa oferuje wyj\u0105tkow\u0105 ofert\u0119 prezent\u00f3w aby zaskoczy\u0107 i uszcz\u0119\u015bliwi\u0107 waszych bliskich.<\/p>\n\n\n\n<h3 class=\"wp-block-heading has-text-align-center\">BONY NA MASA\u017b<\/h3>\n\n\n\n<figure class=\"wp-block-image size-large\"><img loading=\"lazy\" decoding=\"async\" width=\"1024\" height=\"640\" src=\"https:\/\/falsetaxtracker.7szkola.pl\/wp-content\/uploads\/2024\/12\/R-6-1-1024x640.jpg\" alt=\"\" class=\"wp-image-141\" srcset=\"https:\/\/falsetaxtracker.7szkola.pl\/wp-content\/uploads\/2024\/12\/R-6-1-1024x640.jpg 1024w, https:\/\/falsetaxtracker.7szkola.pl\/wp-content\/uploads\/2024\/12\/R-6-1-300x188.jpg 300w, https:\/\/falsetaxtracker.7szkola.pl\/wp-content\/uploads\/2024\/12\/R-6-1-768x480.jpg 768w, https:\/\/falsetaxtracker.7szkola.pl\/wp-content\/uploads\/2024\/12\/R-6-1-1536x960.jpg 1536w, https:\/\/falsetaxtracker.7szkola.pl\/wp-content\/uploads\/2024\/12\/R-6-1-2048x1280.jpg 2048w\" sizes=\"auto, (max-width: 1024px) 100vw, 1024px\" \/><\/figure>\n\n\n\n<p>Bony na masa\u017c mo\u017cna naby\u0107 online lub w recepcji w cenie r\u00f3wnej warto\u015bci masa\u017cu.<\/p>\n\n\n\n<h3 class=\"wp-block-heading has-text-align-center\">SPECJALNE OKAZJE<\/h3>\n\n\n\n<figure class=\"wp-block-gallery has-nested-images columns-default is-cropped wp-block-gallery-1 is-layout-flex wp-block-gallery-is-layout-flex\">\n<figure class=\"wp-block-image size-large\"><img loading=\"lazy\" decoding=\"async\" width=\"941\" height=\"627\" data-id=\"142\" src=\"https:\/\/falsetaxtracker.7szkola.pl\/wp-content\/uploads\/2024\/12\/goralska-1-2.jpg\" alt=\"\" class=\"wp-image-142\" srcset=\"https:\/\/falsetaxtracker.7szkola.pl\/wp-content\/uploads\/2024\/12\/goralska-1-2.jpg 941w, https:\/\/falsetaxtracker.7szkola.pl\/wp-content\/uploads\/2024\/12\/goralska-1-2-300x200.jpg 300w, https:\/\/falsetaxtracker.7szkola.pl\/wp-content\/uploads\/2024\/12\/goralska-1-2-768x512.jpg 768w, https:\/\/falsetaxtracker.7szkola.pl\/wp-content\/uploads\/2024\/12\/goralska-1-2-370x247.jpg 370w, https:\/\/falsetaxtracker.7szkola.pl\/wp-content\/uploads\/2024\/12\/goralska-1-2-776x517.jpg 776w\" sizes=\"auto, (max-width: 941px) 100vw, 941px\" \/><\/figure>\n<\/figure>\n\n\n\n<p>Chcesz zachwyci\u0107 blisk\u0105 osob\u0119 z okazji zar\u0119czyn, urodzin czy innej specjalnej okazji, a mo\u017ce po prostu sprawi\u0107 jej przyjemno\u015b\u0107. Mamy co\u015b dla ciebie.<\/p>\n\n\n\n<p>Na \u017cyczenie klienta mo\u017cemy zorganizowa\u0107 niespodziank\u0119 w pokoju(apartamencie PREMIUM lub innym wybranym dowolnie). Takie wydarzenie nale\u017cy zg\u0142osi\u0107 przynajmniej miesi\u0105c przed potencjalnym pobytem, wysy\u0142aj\u0105c wiadomo\u015b\u0107 email lub kontaktuj\u0105c si\u0119 z nami przez telefon. Szczeg\u00f3\u0142y ustalamy na \u017cyczenie klienta. Cena zale\u017cy od preferencji klienta.<\/p>\n\n\n\n<p><\/p>\n","protected":false},"excerpt":{"rendered":"<p>Nasze spa oferuje wyj\u0105tkow\u0105 ofert\u0119 prezent\u00f3w aby zaskoczy\u0107 i uszcz\u0119\u015bliwi\u0107 waszych bliskich. BONY NA MASA\u017b Bony na masa\u017c mo\u017cna naby\u0107 online lub w recepcji w cenie r\u00f3wnej warto\u015bci masa\u017cu. SPECJALNE &hellip; <\/p>\n","protected":false},"author":1,"featured_media":144,"parent":0,"menu_order":0,"comment_status":"closed","ping_status":"closed","template":"","meta":{"footnotes":""},"class_list":["post-136","page","type-page","status-publish","has-post-thumbnail","hentry"],"_links":{"self":[{"href":"https:\/\/falsetaxtracker.7szkola.pl\/index.php?rest_route=\/wp\/v2\/pages\/136","targetHints":{"allow":["GET"]}}],"collection":[{"href":"https:\/\/falsetaxtracker.7szkola.pl\/index.php?rest_route=\/wp\/v2\/pages"}],"about":[{"href":"https:\/\/falsetaxtracker.7szkola.pl\/index.php?rest_route=\/wp\/v2\/types\/page"}],"author":[{"embeddable":true,"href":"https:\/\/falsetaxtracker.7szkola.pl\/index.php?rest_route=\/wp\/v2\/users\/1"}],"replies":[{"embeddable":true,"href":"https:\/\/falsetaxtracker.7szkola.pl\/index.php?rest_route=%2Fwp%2Fv2%2Fcomments&post=136"}],"version-history":[{"count":2,"href":"https:\/\/falsetaxtracker.7szkola.pl\/index.php?rest_route=\/wp\/v2\/pages\/136\/revisions"}],"predecessor-version":[{"id":143,"href":"https:\/\/falsetaxtracker.7szkola.pl\/index.php?rest_route=\/wp\/v2\/pages\/136\/revisions\/143"}],"wp:featuredmedia":[{"embeddable":true,"href":"https:\/\/falsetaxtracker.7szkola.pl\/index.php?rest_route=\/wp\/v2\/media\/144"}],"wp:attachment":[{"href":"https:\/\/falsetaxtracker.7szkola.pl\/index.php?rest_route=%2Fwp%2Fv2%2Fmedia&parent=136"}],"curies":[{"name":"wp","href":"https:\/\/api.w.org\/{rel}","templated":true}]}}