{"id":128,"date":"2024-12-10T12:57:45","date_gmt":"2024-12-10T11:57:45","guid":{"rendered":"https:\/\/falsetaxtracker.7szkola.pl\/?page_id=128"},"modified":"2024-12-10T13:20:15","modified_gmt":"2024-12-10T12:20:15","slug":"kontakt","status":"publish","type":"page","link":"https:\/\/falsetaxtracker.7szkola.pl\/?page_id=128","title":{"rendered":"Kontakt"},"content":{"rendered":"\n<p>W razie jakichkolwiek pyta\u0144 zapraszamy do kontaktu \ud83d\ude09<\/p>\n\n\n\n<ul class=\"wp-block-list\">\n<li>Numer telefonu recepcja &#8211; +48 888 888 888. Recepcja czynna jest od poniedzia\u0142ku do soboty w godzinach 9:00 &#8211; 22:00<\/li>\n<\/ul>\n\n\n\n<ul class=\"wp-block-list\">\n<li>Adres email &#8211; spa_gwiazdka@gmail.com. <\/li>\n<\/ul>\n\n\n\n<p>Postaramy si\u0119 jak najszybciej odpowiedzie\u0107 na pa\u0144stwa pytania.<\/p>\n\n\n\n<p><\/p>\n","protected":false},"excerpt":{"rendered":"<p>W razie jakichkolwiek pyta\u0144 zapraszamy do kontaktu \ud83d\ude09 Postaramy si\u0119 jak najszybciej odpowiedzie\u0107 na pa\u0144stwa pytania.<\/p>\n","protected":false},"author":1,"featured_media":147,"parent":0,"menu_order":0,"comment_status":"closed","ping_status":"closed","template":"","meta":{"footnotes":""},"class_list":["post-128","page","type-page","status-publish","has-post-thumbnail","hentry"],"_links":{"self":[{"href":"https:\/\/falsetaxtracker.7szkola.pl\/index.php?rest_route=\/wp\/v2\/pages\/128","targetHints":{"allow":["GET"]}}],"collection":[{"href":"https:\/\/falsetaxtracker.7szkola.pl\/index.php?rest_route=\/wp\/v2\/pages"}],"about":[{"href":"https:\/\/falsetaxtracker.7szkola.pl\/index.php?rest_route=\/wp\/v2\/types\/page"}],"author":[{"embeddable":true,"href":"https:\/\/falsetaxtracker.7szkola.pl\/index.php?rest_route=\/wp\/v2\/users\/1"}],"replies":[{"embeddable":true,"href":"https:\/\/falsetaxtracker.7szkola.pl\/index.php?rest_route=%2Fwp%2Fv2%2Fcomments&post=128"}],"version-history":[{"count":2,"href":"https:\/\/falsetaxtracker.7szkola.pl\/index.php?rest_route=\/wp\/v2\/pages\/128\/revisions"}],"predecessor-version":[{"id":133,"href":"https:\/\/falsetaxtracker.7szkola.pl\/index.php?rest_route=\/wp\/v2\/pages\/128\/revisions\/133"}],"wp:featuredmedia":[{"embeddable":true,"href":"https:\/\/falsetaxtracker.7szkola.pl\/index.php?rest_route=\/wp\/v2\/media\/147"}],"wp:attachment":[{"href":"https:\/\/falsetaxtracker.7szkola.pl\/index.php?rest_route=%2Fwp%2Fv2%2Fmedia&parent=128"}],"curies":[{"name":"wp","href":"https:\/\/api.w.org\/{rel}","templated":true}]}}